{"id":112979,"date":"2022-12-22T18:56:20","date_gmt":"2022-12-22T21:56:20","guid":{"rendered":"https:\/\/canalarbitragem.com.br\/pessoas\/"},"modified":"2024-11-28T18:22:09","modified_gmt":"2024-11-28T21:22:09","slug":"personas","status":"publish","type":"page","link":"https:\/\/canalarbitragem.com.br\/es\/personas\/","title":{"rendered":"Personas"},"content":{"rendered":"<div class=\"wpb-content-wrapper\"><p>[vc_row row_height_percent=\u00bb0&#8243; override_padding=\u00bbyes\u00bb h_padding=\u00bb2&#8243; top_padding=\u00bb5&#8243; bottom_padding=\u00bb5&#8243; overlay_alpha=\u00bb0&#8243; gutter_size=\u00bb100&#8243; column_width_percent=\u00bb100&#8243; shift_y=\u00bb0&#8243; z_index=\u00bb0&#8243; top_divider=\u00bbgradient\u00bb style=\u00bbinherited\u00bb row_name=\u00bbEquipe\u00bb uncode_shortcode_id=\u00bb150063&#8243;][vc_column column_width_percent=\u00bb100&#8243; align_horizontal=\u00bbalign_center\u00bb gutter_size=\u00bb4&#8243; style=\u00bblight\u00bb overlay_alpha=\u00bb100&#8243; shift_x=\u00bb0&#8243; shift_y=\u00bb0&#8243; shift_y_down=\u00bb0&#8243; z_index=\u00bb0&#8243; medium_width=\u00bb0&#8243; mobile_width=\u00bb0&#8243; zoom_width=\u00bb0&#8243; zoom_height=\u00bb0&#8243; width=\u00bb1\/1&#8243; mobile_width_full=\u00bb\u00bb uncode_shortcode_id=\u00bb113084&#8243;][vc_row_inner row_inner_height_percent=\u00bb0&#8243; overlay_alpha=\u00bb50&#8243; gutter_size=\u00bb4&#8243; shift_y=\u00bb0&#8243; z_index=\u00bb0&#8243;][vc_column_inner column_width_use_pixel=\u00bbyes\u00bb position_vertical=\u00bbbottom\u00bb align_horizontal=\u00bbalign_center\u00bb gutter_size=\u00bb3&#8243; style=\u00bblight\u00bb overlay_alpha=\u00bb50&#8243; shift_x=\u00bb0&#8243; shift_y=\u00bb0&#8243; shift_y_down=\u00bb0&#8243; z_index=\u00bb0&#8243; medium_width=\u00bb0&#8243; mobile_width=\u00bb0&#8243; width=\u00bb1\/1&#8243; uncode_shortcode_id=\u00bb349797&#8243; column_width_pixel=\u00bb800&#8243;][vc_custom_heading text_color=\u00bbaccent\u00bb heading_semantic=\u00bbh6&#8243; text_font=\u00bbfont-377884&#8243; text_size=\u00bbfontsize-160000&#8243; text_weight=\u00bb500&#8243; text_transform=\u00bbuppercase\u00bb text_space=\u00bbfontspace-135905&#8243; uncode_shortcode_id=\u00bb943162&#8243; text_color_type=\u00bbuncode-palette\u00bb]PESSOAS[\/vc_custom_heading][vc_custom_heading heading_semantic=\u00bbh3&#8243; text_size=\u00bbfontsize-155944&#8243; text_height=\u00bbfontheight-179065&#8243; uncode_shortcode_id=\u00bb539077&#8243;]Consejeros, Colaboradores, Mentores E Entusiastas[\/vc_custom_heading][vc_column_text uncode_shortcode_id=\u00bb656542&#8243;]Somos m\u00e1s que un equipo, somos una red de personas de diversa formaci\u00f3n, trabajando en los m\u00e1s diversos segmentos y en diferentes pa\u00edses, involucrados en la propuesta de democratizar y multiplicar el conocimiento en Arbitraje Internacional.[\/vc_column_text][\/vc_column_inner][\/vc_row_inner][\/vc_column][\/vc_row][vc_row][vc_column width=\u00bb1\/1&#8243;][vc_gallery el_id=\u00bbgallery-73689423122uy\u00bb isotope_mode=\u00bbfitRows\u00bb medias=\u00bb110753,111430,111461,111557,111465,111432,111434,115436,111447,115413,111443,116863,116866,111429,111437,111440,114419,111445,111462,110752,114938,110751,111463,111431,110750,111448,115197,115422,111464,114888,111438,115484,115291,110749,111456,111458,111435,111561,110748,111466,110747,111467,115220,110746,111436,115439,111450,111453,114920,111902,117723,117760,110745,111455,111468,111560,114930,111451,110744,115446,115476,111559,111433,111449,111469,111470,111441,110741,114954,111558,114784,111444,115330,111459,111471,111452,115442,116407&#8243; gutter_size=\u00bb4&#8243; media_items=\u00bbmedia|nolink|original,title,caption,sep-one|full,team-social\u00bb screen_lg=\u00bb1000&#8243; screen_md=\u00bb600&#8243; screen_sm=\u00bb480&#8243; single_shape=\u00bbround\u00bb radius=\u00bbxs\u00bb single_overlay_color=\u00bbcolor-jevc\u00bb single_overlay_coloration=\u00bbbottom_gradient\u00bb single_overlay_blend=\u00bbdarken\u00bb single_overlay_opacity=\u00bb85&#8243; single_overlay_visible=\u00bbyes\u00bb single_overlay_anim=\u00bbno\u00bb single_text_visible=\u00bbyes\u00bb single_text_anim=\u00bbno\u00bb single_image_coloration=\u00bbdesaturated\u00bb single_v_position=\u00bbbottom\u00bb single_padding=\u00bb2&#8243; single_title_family=\u00bbfont-931342&#8243; single_title_dimension=\u00bbh3&#8243; single_title_weight=\u00bb700&#8243; single_title_transform=\u00bbcapitalize\u00bb single_icon=\u00bbfa fa-plus2&#8243; single_css_animation=\u00bbzoom-in\u00bb single_animation_delay=\u00bb200&#8243; lbox_no_tmb=\u00bbyes\u00bb carousel_rtl=\u00bb\u00bb single_title_uppercase=\u00bb\u00bb single_half_padding=\u00bb\u00bb single_title_serif=\u00bb\u00bb single_no_background=\u00bb\u00bb uncode_shortcode_id=\u00bb128487&#8243;][vc_empty_space empty_h=\u00bb3&#8243;][vc_row_inner row_inner_height_percent=\u00bb0&#8243; overlay_alpha=\u00bb50&#8243; equal_height=\u00bbyes\u00bb gutter_size=\u00bb0&#8243; shift_y=\u00bb0&#8243; z_index=\u00bb0&#8243; uncode_shortcode_id=\u00bb467134&#8243;][vc_column_inner column_width_percent=\u00bb100&#8243; position_horizontal=\u00bbright\u00bb position_vertical=\u00bbmiddle\u00bb align_horizontal=\u00bbalign_right\u00bb gutter_size=\u00bb3&#8243; overlay_alpha=\u00bb50&#8243; shift_x=\u00bb0&#8243; shift_y=\u00bb0&#8243; shift_y_down=\u00bb0&#8243; z_index=\u00bb0&#8243; desktop_visibility=\u00bbyes\u00bb medium_visibility=\u00bbyes\u00bb medium_width=\u00bb0&#8243; align_mobile=\u00bbalign_center_mobile\u00bb mobile_width=\u00bb0&#8243; width=\u00bb1\/1&#8243; uncode_shortcode_id=\u00bb198981&#8243;][vc_separator sep_color=\u00bb\u00bb uncode_shortcode_id=\u00bb206107&#8243;][vc_icon icon=\u00bbfa fa-close\u00bb background_style=\u00bbfa-rounded\u00bb size=\u00bbfa-2x\u00bb text_font=\u00bbfont-136269&#8243; text_size=\u00bbh4&#8243; text_weight=\u00bb300&#8243; linked_title=\u00bbyes\u00bb text_reduced=\u00bbyes\u00bb uncode_shortcode_id=\u00bb367899&#8243; title=\u00bbCerrar\u00bb link=\u00bburl:javascript%3Ahistory.back%28%29|\u00bb][\/vc_icon][\/vc_column_inner][\/vc_row_inner][\/vc_column][\/vc_row]<\/p>\n<\/div>","protected":false},"excerpt":{"rendered":"<p>[vc_row row_height_percent=\u00bb0&#8243; override_padding=\u00bbyes\u00bb h_padding=\u00bb2&#8243; top_padding=\u00bb5&#8243; bottom_padding=\u00bb5&#8243; overlay_alpha=\u00bb0&#8243; gutter_size=\u00bb100&#8243; column_width_percent=\u00bb100&#8243; shift_y=\u00bb0&#8243; z_index=\u00bb0&#8243; top_divider=\u00bbgradient\u00bb style=\u00bbinherited\u00bb row_name=\u00bbEquipe\u00bb uncode_shortcode_id=\u00bb150063&#8243;][vc_column column_width_percent=\u00bb100&#8243; align_horizontal=\u00bbalign_center\u00bb gutter_size=\u00bb4&#8243; style=\u00bblight\u00bb overlay_alpha=\u00bb100&#8243; [&hellip;]<\/p>\n","protected":false},"author":1,"featured_media":0,"parent":0,"menu_order":0,"comment_status":"closed","ping_status":"closed","template":"","meta":{"_seopress_robots_primary_cat":"","_seopress_titles_title":"","_seopress_titles_desc":"","_seopress_robots_index":"","footnotes":""},"class_list":["post-112979","page","type-page","status-publish","hentry","page_category-equipo"],"_links":{"self":[{"href":"https:\/\/canalarbitragem.com.br\/es\/wp-json\/wp\/v2\/pages\/112979","targetHints":{"allow":["GET"]}}],"collection":[{"href":"https:\/\/canalarbitragem.com.br\/es\/wp-json\/wp\/v2\/pages"}],"about":[{"href":"https:\/\/canalarbitragem.com.br\/es\/wp-json\/wp\/v2\/types\/page"}],"author":[{"embeddable":true,"href":"https:\/\/canalarbitragem.com.br\/es\/wp-json\/wp\/v2\/users\/1"}],"replies":[{"embeddable":true,"href":"https:\/\/canalarbitragem.com.br\/es\/wp-json\/wp\/v2\/comments?post=112979"}],"version-history":[{"count":0,"href":"https:\/\/canalarbitragem.com.br\/es\/wp-json\/wp\/v2\/pages\/112979\/revisions"}],"wp:attachment":[{"href":"https:\/\/canalarbitragem.com.br\/es\/wp-json\/wp\/v2\/media?parent=112979"}],"curies":[{"name":"wp","href":"https:\/\/api.w.org\/{rel}","templated":true}]}}