{"id":112976,"date":"2022-07-27T15:54:15","date_gmt":"2022-07-27T18:54:15","guid":{"rendered":"https:\/\/canalarbitragem.com.br\/mantenedores\/"},"modified":"2024-06-03T10:58:45","modified_gmt":"2024-06-03T13:58:45","slug":"mantenedores","status":"publish","type":"page","link":"https:\/\/canalarbitragem.com.br\/es\/mantenedores\/","title":{"rendered":"Mantenedores"},"content":{"rendered":"<div class=\"wpb-content-wrapper\"><p>[vc_row row_height_percent=\u00bb0&#8243; override_padding=\u00bbyes\u00bb h_padding=\u00bb2&#8243; top_padding=\u00bb6&#8243; bottom_padding=\u00bb2&#8243; back_color=\u00bbcolor-lxmt\u00bb overlay_alpha=\u00bb50&#8243; gutter_size=\u00bb3&#8243; column_width_percent=\u00bb100&#8243; shift_y=\u00bb0&#8243; z_index=\u00bb0&#8243; inverted_device_order=\u00bbyes\u00bb uncode_shortcode_id=\u00bb282675&#8243; back_color_type=\u00bbuncode-palette\u00bb][vc_column column_width_percent=\u00bb100&#8243; position_vertical=\u00bbmiddle\u00bb gutter_size=\u00bb4&#8243; style=\u00bblight\u00bb overlay_alpha=\u00bb50&#8243; shift_x=\u00bb0&#8243; shift_y=\u00bb0&#8243; shift_y_down=\u00bb0&#8243; z_index=\u00bb0&#8243; medium_width=\u00bb0&#8243; mobile_width=\u00bb0&#8243; width=\u00bb2\/3&#8243; uncode_shortcode_id=\u00bb104478&#8243;][vc_row_inner row_inner_height_percent=\u00bb0&#8243; overlay_alpha=\u00bb50&#8243; gutter_size=\u00bb3&#8243; shift_y=\u00bb0&#8243; z_index=\u00bb0&#8243;][vc_column_inner column_width_percent=\u00bb100&#8243; position_horizontal=\u00bbleft\u00bb gutter_size=\u00bb3&#8243; style=\u00bblight\u00bb overlay_alpha=\u00bb50&#8243; shift_x=\u00bb0&#8243; shift_y=\u00bb0&#8243; shift_y_down=\u00bb0&#8243; z_index=\u00bb0&#8243; medium_width=\u00bb0&#8243; mobile_width=\u00bb0&#8243; width=\u00bb1\/1&#8243; uncode_shortcode_id=\u00bb144413&#8243;][vc_custom_heading text_color=\u00bbaccent\u00bb heading_semantic=\u00bbh6&#8243; text_font=\u00bbfont-136269&#8243; text_size=\u00bbfontsize-160000&#8243; text_transform=\u00bbuppercase\u00bb text_space=\u00bbfontspace-135905&#8243; uncode_shortcode_id=\u00bb617110&#8243; text_color_type=\u00bbuncode-palette\u00bb]MANTENEDORES[\/vc_custom_heading][vc_custom_heading heading_semantic=\u00bbh3&#8243; text_size=\u00bbfontsize-155944&#8243; uncode_shortcode_id=\u00bb163135&#8243;]Grandes despachos y empresas de Arbitraje aumentando la calidad y capilaridad del Canal Arbitraje[\/vc_custom_heading][vc_column_text uncode_shortcode_id=\u00bb159928&#8243;]Nuestros Patrocinadores son los grandes y principales actores en el escenario del Arbitraje con actuaci\u00f3n profesional en los pa\u00edses donde mantenemos centros de producci\u00f3n de contenidos y eventos presenciales realizados por el proyecto.<\/p>\n<p>La importancia de los Mantenedores en nuestro proyecto es vital, ya que son ellos quienes hacen posible nuestra operaci\u00f3n con un alto nivel de calidad a trav\u00e9s de las asociaciones que realizan con nuestro Canal.<\/p>\n<p>[\/vc_column_text][\/vc_column_inner][\/vc_row_inner][\/vc_column][vc_column column_width_percent=\u00bb100&#8243; position_horizontal=\u00bbright\u00bb align_horizontal=\u00bbalign_right\u00bb gutter_size=\u00bb3&#8243; override_padding=\u00bbyes\u00bb column_padding=\u00bb0&#8243; overlay_alpha=\u00bb50&#8243; shift_x=\u00bb0&#8243; shift_y=\u00bb0&#8243; shift_y_down=\u00bb0&#8243; z_index=\u00bb0&#8243; medium_width=\u00bb0&#8243; mobile_width=\u00bb0&#8243; width=\u00bb1\/3&#8243; uncode_shortcode_id=\u00bb577795&#8243;][vc_icon position=\u00bbright\u00bb space_reduced=\u00bbyes\u00bb icon=\u00bbfa fa-close\u00bb size=\u00bbfa-2x\u00bb text_font=\u00bbfont-136269&#8243; text_size=\u00bbh4&#8243; text_weight=\u00bb300&#8243; uncode_shortcode_id=\u00bb574629&#8243; title=\u00bbCerrar\u00bb link=\u00bburl:javascript%3Ahistory.back%28%29|\u00bb][\/vc_icon][\/vc_column][\/vc_row][vc_row row_height_percent=\u00bb0&#8243; override_padding=\u00bbyes\u00bb h_padding=\u00bb2&#8243; top_padding=\u00bb2&#8243; bottom_padding=\u00bb5&#8243; back_color=\u00bbcolor-lxmt\u00bb overlay_alpha=\u00bb100&#8243; gutter_size=\u00bb100&#8243; column_width_percent=\u00bb100&#8243; shift_y=\u00bb0&#8243; z_index=\u00bb0&#8243; style=\u00bbinherited\u00bb uncode_shortcode_id=\u00bb152730&#8243; back_color_type=\u00bbuncode-palette\u00bb][vc_column column_width_percent=\u00bb100&#8243; gutter_size=\u00bb3&#8243; style=\u00bblight\u00bb overlay_alpha=\u00bb50&#8243; shift_x=\u00bb0&#8243; shift_y=\u00bb0&#8243; shift_y_down=\u00bb0&#8243; z_index=\u00bb0&#8243; medium_width=\u00bb0&#8243; mobile_width=\u00bb0&#8243; width=\u00bb1\/1&#8243; uncode_shortcode_id=\u00bb141336&#8243;][vc_row_inner row_inner_height_percent=\u00bb0&#8243; overlay_alpha=\u00bb50&#8243; gutter_size=\u00bb3&#8243; shift_y=\u00bb0&#8243; z_index=\u00bb0&#8243; uncode_shortcode_id=\u00bb176664&#8243;][vc_column_inner column_width_percent=\u00bb100&#8243; gutter_size=\u00bb3&#8243; style=\u00bblight\u00bb overlay_alpha=\u00bb50&#8243; shift_x=\u00bb0&#8243; shift_y=\u00bb0&#8243; shift_y_down=\u00bb0&#8243; z_index=\u00bb0&#8243; medium_width=\u00bb0&#8243; mobile_width=\u00bb0&#8243; width=\u00bb1\/1&#8243; uncode_shortcode_id=\u00bb159569&#8243;][vc_gallery el_id=\u00bbmantenedores01&#8243; isotope_mode=\u00bbcellsByRow\u00bb medias=\u00bb113619,113616,113625,113607,113610,113601,113613,113595,113592,113604,113978,116146,116326,116804,116318&#8243; gutter_size=\u00bb2&#8243; media_items=\u00bbmedia|custom_link|original\u00bb screen_lg=\u00bb1000&#8243; screen_md=\u00bb600&#8243; screen_sm=\u00bb480&#8243; single_width=\u00bb15&#8243; single_overlay_opacity=\u00bb50&#8243; single_overlay_anim=\u00bbno\u00bb single_text_anim=\u00bbno\u00bb single_padding=\u00bb2&#8243; single_border=\u00bbyes\u00bb title=\u00bbClients\u00bb uncode_shortcode_id=\u00bb736923&#8243; items=\u00bbeyIxMTA3MjlfaSI6eyJzaW5nbGVfbGluayI6InVybDovYW0ifSwiMTEwNzMzX2kiOnsic2luZ2xlX2xpbmsiOiJ1cmw6L2JtYS1hZHZvZ2Fkb3MifSwiMTEwNzM2X2kiOnsic2luZ2xlX2xpbmsiOiJ1cmw6L2NhbWFyYS1kZS1jb25jaWxpYWNhby1tZWRpYWNhby1lLWFyYml0cmFnZW0tY2llc3AtZmllc3AifSwiMTEwNzM3X2kiOnsic2luZ2xlX2xpbmsiOiJ1cmw6L2NvcnJlaWEtZmxldXJ5LWdhbWEtZS1zaWx2YS1hZHZvZ2Fkb3MifSwiMTEwNzM1X2kiOnsic2luZ2xlX2xpbmsiOiJ1cmw6L2ZjZGcifSwiMTEwNzM0X2kiOnsic2luZ2xlX2xpbmsiOiIifSwiMTEwOTc4X2kiOnsic2luZ2xlX2xpbmsiOiJ1cmw6L3Rlc3RlIn0sIjExMTE0MV9pIjp7InNpbmdsZV9saW5rIjoidXJsOi90YXVpbC1jaGVxdWVyLW1heWVyLWJyb3duLyJ9LCIxMTExNDBfaSI6eyJzaW5nbGVfbGluayI6InVybDovaHVjay1vdHJyYW50by1jYW1hcmdvLyJ9LCIxMTExNDhfaSI6eyJzaW5nbGVfbGluayI6InVybDovYW0vIn0sIjExMTE1NF9pIjp7InNpbmdsZV9saW5rIjoidXJsOi9mY2RnLyJ9LCIxMTExNTVfaSI6eyJzaW5nbGVfbGluayI6InVybDovY2FtYXJhLWRlLWNvbmNpbGlhY2FvLW1lZGlhY2FvLWUtYXJiaXRyYWdlbS1jaWVzcC1maWVzcC8ifSwiMTExMTUyX2kiOnsic2luZ2xlX2xpbmsiOiJ1cmw6L2JtYS1hZHZvZ2Fkb3MvIn0sIjExMTE1Nl9pIjp7InNpbmdsZV9saW5rIjoidXJsOi9jb3JyZWlhLWZsZXVyeS1nYW1hLWUtc2lsdmEtYWR2b2dhZG9zLyJ9LCIxMTExMzVfaSI6eyJzaW5nbGVfbGluayI6InVybDovcGluaGVpcm8tbmV0by1hZHZvZ2Fkb3MvIn0sIjExMTEzNF9pIjp7InNpbmdsZV9zaGFkb3ciOiJubyIsInNpbmdsZV9ib3JkZXIiOiJ5ZXMiLCJzaW5nbGVfbGluayI6InVybDovbGVmb3NzZS1hZHZvZ2Fkb3MvIn0sIjExMTEzN19pIjp7InNpbmdsZV9saW5rIjoidXJsOi9sLW8tYmFwdGlzdGEvIn0sIjExMTEzOF9pIjp7InNpbmdsZV9saW5rIjoidXJsOi9tYW1nLWFkdm9nYWRvcy8ifSwiMTExMTM5X2kiOnsic2luZ2xlX2xpbmsiOiJ1cmw6L3JlaXMtc291emEtdGFrZWlzaGktYXJzdWZmaS1hZHZvY2FjaWEtZW1wcmVzYXJpYWwvIn0sIjExMTE1M19pIjp7InNpbmdsZV9saW5rIjoidXJsOi9qaXZlLWludmVzdGltZW50cy8ifSwiMTExMTUwX2kiOnsic2luZ2xlX2xpbmsiOiJ1cmw6L211cmllbC1hZHZvZ2Fkb3MvIn0sIjExMTE0Nl9pIjp7InNpbmdsZV9saW5rIjoidXJsOi9zZXJnaW8tYmVybXVkZXMtYWR2b2dhZG9zLyJ9LCIxMTExNDJfaSI6eyJzaW5nbGVfbGluayI6InVybDovc2lsdmVpcm8tYWR2b2dhZG9zLyJ9LCIxMTExNDVfaSI6eyJzaW5nbGVfbGluayI6InVybDovbG9iby1kZS1yaXp6by8ifSwiMTExMTM2X2kiOnsic2luZ2xlX2xpbmsiOiJ1cmw6L3N0b2NjaGUtZm9yYmVzLyJ9LCIxMTExNDlfaSI6eyJzaW5nbGVfbGluayI6InVybDovc3dvdC1nbG9iYWwvIn0sIjExMTE0NF9pIjp7InNpbmdsZV9saW5rIjoidXJsOi90b2xlbnRpbm8tYWR2b2dhZG9zLyJ9LCIxMTExNDdfaSI6eyJzaW5nbGVfbGluayI6InVybDovdG96emluaWZyZWlyZS1hZHZvZ2Fkb3MvIn0sIjExMTE0M19pIjp7InNpbmdsZV9saW5rIjoidXJsOi9zaW1vbmFnZ2lvLWNlcnRlemEtdGVjbmljYS8ifSwiMTExNTE4X2kiOnsic2luZ2xlX2xpbmsiOiJ1cmw6aHR0cHM6Ly9jYW5hbGFyYml0cmFnZW0uYmFyYmFzZGlnaXRhbC5uZXQvY2VzYXItYXNmb3Itcm9jaGEtYWR2b2dhZG9zLyJ9LCIxMTE1MTlfaSI6eyJzaW5nbGVfbGluayI6InVybDpodHRwczovL2NhbmFsYXJiaXRyYWdlbS5iYXJiYXNkaWdpdGFsLm5ldC9hemV2ZWRvLXNldHRlLWFkdm9nYWRvcy8ifSwiMTEzNjE5X2kiOnsic2luZ2xlX2xpbmsiOiJ1cmw6JTJGZXMlMkZzcXVpcmUtcGF0dG9uLWJvZ2dzIn0sIjExMzYyMl9pIjp7InNpbmdsZV9saW5rIjoidXJsOiUyRmVzJTJGb3N0ZXJsaW5nLWFib2dhZG9zJTJGIn0sIjExMzYxNl9pIjp7InNpbmdsZV9saW5rIjoidXJsOiUyRmVzJTJGa2luZy1zcGFsZGluZyJ9LCIxMTM2MDdfaSI6eyJzaW5nbGVfbGluayI6InVybDolMkZlcyUyRmhvZ2FuLWxvdmVsbHMifSwiMTEzNjEwX2kiOnsic2luZ2xlX2xpbmsiOiJ1cmw6JTJGZXMlMkZmb2xleS1ob2FnJTJGIn0sIjExMzYwMV9pIjp7InNpbmdsZV9saW5rIjoidXJsOiUyRmVzJTJGYmFycm9zLWRlLWZpZ3VlaXJlZG8ifSwiMTEzNjEzX2kiOnsic2luZ2xlX2xpbmsiOiJ1cmw6JTJGZXMlMkZuaXZhbGlvbiUyRiJ9LCIxMTM1ODlfaSI6eyJzaW5nbGVfbGluayI6InVybDolMkZlcyUyRmFscGhhYmV0by11cnVndWF5JTJGIn0sIjExMzU5OF9pIjp7InNpbmdsZV9saW5rIjoidXJsOiUyRmVzJTJGY29uZXhpZyJ9LCIxMTM1OTVfaSI6eyJzaW5nbGVfbGluayI6InVybDolMkZlcyUyRmNsZWFyeS1nb3R0bGllYiJ9LCIxMTM1OTJfaSI6eyJzaW5nbGVfbGluayI6InVybDolMkZlcyUyRmFndWlsYXItY2FzdGlsbG8tbG92ZSJ9LCIxMTM2MDRfaSI6eyJzaW5nbGVfbGluayI6InVybDolMkZlcyUyRmZrLWVjb25vbWljcyUyRiJ9LCIxMTM2MjVfaSI6eyJzaW5nbGVfbGluayI6InVybDolMkZlcyUyRnNpbW9uYWdnaW8ifSwiMTEzOTc4X2kiOnsic2luZ2xlX2xpbmsiOiJ1cmw6JTJGZXMlMkZjYW0tY2NiYyJ9LCIxMTYxNDZfaSI6eyJzaW5nbGVfbGluayI6InVybDpodHRwcyUzQSUyRiUyRmNhbmFsYXJiaXRyYWdlbS5jb20uYnIlMkZlcyUyRnZhbGVyaWEtbGV2ZXJhdHRvLWxhbmRhdXJvJTJGIn0sIjExNjI4Nl9pIjp7InNpbmdsZV9saW5rIjoidXJsOmh0dHBzJTNBJTJGJTJGY2FuYWxhcmJpdHJhZ2VtLmNvbS5iciUyRmVzJTJGZGFuaWVsLXRyaXZlbm8tZGF6YSUyRiJ9LCIxMTYyOTJfaSI6eyJzaW5nbGVfbGluayI6InVybDpodHRwcyUzQSUyRiUyRmNhbmFsYXJiaXRyYWdlbS5jb20uYnIlMkZlcyUyRmRhbmllbC10cml2ZW5vLWRhemElMkYifSwiMTE2Mjk1X2kiOnsic2luZ2xlX2xpbmsiOiJ1cmw6aHR0cHMlM0ElMkYlMkZjYW5hbGFyYml0cmFnZW0uY29tLmJyJTJGZXMlMkZkYW5pZWwtdHJpdmVuby1kYXphJTJGIn0sIjExNjMwNF9pIjp7InNpbmdsZV9saW5rIjoidXJsOmh0dHBzJTNBJTJGJTJGY2FuYWxhcmJpdHJhZ2VtLmNvbS5iciUyRmVzJTJGb3N0ZXJsaW5nLWFib2dhZG9zJTJGIn0sIjExNjMwN19pIjp7InNpbmdsZV9saW5rIjoidXJsOmh0dHBzJTNBJTJGJTJGY2FuYWxhcmJpdHJhZ2VtLmNvbS5iciUyRmVzJTJGZ2F0ZXdheS1saXRpZ2F0aW9uJTJGIn0sIjExNjMxOF9pIjp7InNpbmdsZV9saW5rIjoidXJsOmh0dHBzJTNBJTJGJTJGY2FuYWxhcmJpdHJhZ2VtLmNvbS5iciUyRmVzJTJGZ2F0ZXdheS1saXRpZ2F0aW9uJTJGIn0sIjExNjMyMl9pIjp7InNpbmdsZV9saW5rIjoidXJsOmh0dHBzJTNBJTJGJTJGY2FuYWxhcmJpdHJhZ2VtLmNvbS5iciUyRmVzJTJGb3N0ZXJsaW5nLWFib2dhZG9zJTJGIn0sIjExNjMyNl9pIjp7InNpbmdsZV9saW5rIjoidXJsOmh0dHBzJTNBJTJGJTJGY2FuYWxhcmJpdHJhZ2VtLmNvbS5iciUyRmVzJTJGZGFuaWVsLXRyaXZlbm8tZGF6YSUyRiJ9LCIxMTY4MDRfaSI6eyJzaW5nbGVfbGluayI6InVybDpodHRwcyUzQSUyRiUyRmNhbmFsYXJiaXRyYWdlbS5jb20uYnIlMkZlcyUyRm9zdGVybGluZy1hYm9nYWRvcyUyRiJ9fQ==\u00bb][\/vc_column_inner][\/vc_row_inner][\/vc_column][\/vc_row][vc_row row_height_percent=\u00bb0&#8243; override_padding=\u00bbyes\u00bb h_padding=\u00bb2&#8243; top_padding=\u00bb6&#8243; bottom_padding=\u00bb6&#8243; back_color=\u00bbcolor-lxmt\u00bb overlay_alpha=\u00bb50&#8243; gutter_size=\u00bb3&#8243; column_width_percent=\u00bb100&#8243; shift_y=\u00bb0&#8243; z_index=\u00bb0&#8243; desktop_visibility=\u00bbyes\u00bb medium_visibility=\u00bbyes\u00bb mobile_visibility=\u00bbyes\u00bb uncode_shortcode_id=\u00bb161868&#8243; back_color_type=\u00bbuncode-palette\u00bb][vc_column column_width_percent=\u00bb100&#8243; gutter_size=\u00bb4&#8243; style=\u00bblight\u00bb overlay_alpha=\u00bb50&#8243; shift_x=\u00bb0&#8243; shift_y=\u00bb0&#8243; shift_y_down=\u00bb0&#8243; z_index=\u00bb0&#8243; medium_width=\u00bb0&#8243; mobile_width=\u00bb0&#8243; width=\u00bb1\/1&#8243; uncode_shortcode_id=\u00bb992512&#8243;][vc_row_inner row_inner_height_percent=\u00bb0&#8243; overlay_alpha=\u00bb50&#8243; gutter_size=\u00bb3&#8243; shift_y=\u00bb0&#8243; z_index=\u00bb0&#8243;][vc_column_inner column_width_use_pixel=\u00bbyes\u00bb align_horizontal=\u00bbalign_center\u00bb gutter_size=\u00bb3&#8243; style=\u00bblight\u00bb overlay_alpha=\u00bb50&#8243; shift_x=\u00bb0&#8243; shift_y=\u00bb0&#8243; shift_y_down=\u00bb0&#8243; z_index=\u00bb0&#8243; medium_width=\u00bb0&#8243; mobile_width=\u00bb0&#8243; width=\u00bb1\/1&#8243; uncode_shortcode_id=\u00bb124965&#8243; column_width_pixel=\u00bb900&#8243;][vc_custom_heading text_color=\u00bbaccent\u00bb heading_semantic=\u00bbh6&#8243; text_size=\u00bbfontsize-160000&#8243; text_transform=\u00bbuppercase\u00bb text_space=\u00bbfontspace-135905&#8243; uncode_shortcode_id=\u00bb667077&#8243; text_color_type=\u00bbuncode-palette\u00bb]Benef\u00edcios[\/vc_custom_heading][vc_custom_heading heading_semantic=\u00bbh3&#8243; text_size=\u00bbfontsize-155944&#8243; uncode_shortcode_id=\u00bb636151&#8243;]Mantenedores, parceria que<br \/>\nsapien, at aliquet posuere vel.[\/vc_custom_heading][vc_column_text uncode_shortcode_id=\u00bb145421&#8243;]Nemo enim ipsam voluptatem quia voluptas sit aspernatur aut odit aut fugit, sed quia consequuntur magni dolores eos qui ratione voluptatem sequi nesciunt. Neque porro quisquam est, qui dolorem ipsum quia dolor sit amet, consectetur, adipisci velit, sed quia non numquam eius modi tempora incidunt ut labore et dolore magnam aliquam quaerat voluptatem.[\/vc_column_text][\/vc_column_inner][\/vc_row_inner][vc_separator sep_color=\u00bb\u00bb uncode_shortcode_id=\u00bb191228&#8243;][vc_row_inner row_inner_height_percent=\u00bb0&#8243; overlay_alpha=\u00bb100&#8243; gutter_size=\u00bb4&#8243; shift_y=\u00bb0&#8243; z_index=\u00bb0&#8243;][vc_column_inner column_width_percent=\u00bb100&#8243; align_horizontal=\u00bbalign_center\u00bb gutter_size=\u00bb3&#8243; overlay_alpha=\u00bb100&#8243; shift_x=\u00bb0&#8243; shift_y=\u00bb0&#8243; shift_y_down=\u00bb0&#8243; z_index=\u00bb0&#8243; medium_width=\u00bb3&#8243; mobile_width=\u00bb7&#8243; zoom_width=\u00bb0&#8243; zoom_height=\u00bb0&#8243; width=\u00bb1\/4&#8243;][vc_icon icon=\u00bbfa fa-video3&#8243; icon_color=\u00bbaccent\u00bb size=\u00bbfa-3x\u00bb text_size=\u00bbh4&#8243; linked_title=\u00bbyes\u00bb text_lead=\u00bbsmall\u00bb text_reduced=\u00bbyes\u00bb align=\u00bbleft\u00bb title=\u00bbT\u00edtulo do benef\u00edcio\u00bb uncode_shortcode_id=\u00bb150496&#8243; icon_color_type=\u00bbuncode-palette\u00bb]Change the color to match your brand or vision, add your logo, choose the perfect layout, modify menu settings and more.[\/vc_icon][\/vc_column_inner][vc_column_inner column_width_percent=\u00bb100&#8243; align_horizontal=\u00bbalign_center\u00bb gutter_size=\u00bb3&#8243; overlay_alpha=\u00bb100&#8243; shift_x=\u00bb0&#8243; shift_y=\u00bb0&#8243; shift_y_down=\u00bb0&#8243; z_index=\u00bb0&#8243; medium_width=\u00bb3&#8243; mobile_width=\u00bb7&#8243; zoom_width=\u00bb0&#8243; zoom_height=\u00bb0&#8243; width=\u00bb1\/4&#8243;][vc_icon icon=\u00bbfa fa-mobile2&#8243; icon_color=\u00bbaccent\u00bb size=\u00bbfa-3x\u00bb text_size=\u00bbh4&#8243; text_lead=\u00bbsmall\u00bb text_reduced=\u00bbyes\u00bb align=\u00bbleft\u00bb title=\u00bbT\u00edtulo do benef\u00edcios\u00bb uncode_shortcode_id=\u00bb142292&#8243; icon_color_type=\u00bbuncode-palette\u00bb]Change the color to match your brand or vision, add your logo, choose the perfect layout, modify menu settings and more.[\/vc_icon][\/vc_column_inner][vc_column_inner column_width_percent=\u00bb100&#8243; align_horizontal=\u00bbalign_center\u00bb gutter_size=\u00bb3&#8243; overlay_alpha=\u00bb100&#8243; shift_x=\u00bb0&#8243; shift_y=\u00bb0&#8243; shift_y_down=\u00bb0&#8243; z_index=\u00bb0&#8243; medium_width=\u00bb3&#8243; mobile_width=\u00bb7&#8243; zoom_width=\u00bb0&#8243; zoom_height=\u00bb0&#8243; width=\u00bb1\/4&#8243;][vc_icon icon=\u00bbfa fa-tools\u00bb icon_color=\u00bbaccent\u00bb size=\u00bbfa-3x\u00bb text_size=\u00bbh4&#8243; linked_title=\u00bbyes\u00bb text_lead=\u00bbsmall\u00bb text_reduced=\u00bbyes\u00bb align=\u00bbleft\u00bb title=\u00bbT\u00edtulo do benef\u00edcio\u00bb uncode_shortcode_id=\u00bb165696&#8243; icon_color_type=\u00bbuncode-palette\u00bb]Change the color to match your brand or vision, add your logo, choose the perfect layout, modify menu settings and more.[\/vc_icon][\/vc_column_inner][vc_column_inner column_width_percent=\u00bb100&#8243; align_horizontal=\u00bbalign_center\u00bb gutter_size=\u00bb3&#8243; overlay_alpha=\u00bb50&#8243; shift_x=\u00bb0&#8243; shift_y=\u00bb0&#8243; shift_y_down=\u00bb0&#8243; z_index=\u00bb0&#8243; medium_visibility=\u00bbyes\u00bb medium_width=\u00bb3&#8243; mobile_width=\u00bb7&#8243; width=\u00bb1\/4&#8243;][vc_icon icon=\u00bbfa fa-layers2&#8243; icon_color=\u00bbaccent\u00bb size=\u00bbfa-3x\u00bb text_size=\u00bbh4&#8243; text_lead=\u00bbsmall\u00bb text_reduced=\u00bbyes\u00bb align=\u00bbleft\u00bb title=\u00bbT\u00edtulo do benef\u00edcio\u00bb uncode_shortcode_id=\u00bb156895&#8243; icon_color_type=\u00bbuncode-palette\u00bb]Change the color to match your brand or vision, add your logo, choose the perfect layout, modify menu settings and more.[\/vc_icon][\/vc_column_inner][\/vc_row_inner][vc_row_inner row_inner_height_percent=\u00bb0&#8243; overlay_alpha=\u00bb100&#8243; gutter_size=\u00bb4&#8243; shift_y=\u00bb0&#8243; z_index=\u00bb0&#8243;][vc_column_inner column_width_percent=\u00bb100&#8243; align_horizontal=\u00bbalign_center\u00bb gutter_size=\u00bb3&#8243; overlay_alpha=\u00bb100&#8243; shift_x=\u00bb0&#8243; shift_y=\u00bb0&#8243; shift_y_down=\u00bb0&#8243; z_index=\u00bb0&#8243; medium_width=\u00bb3&#8243; mobile_width=\u00bb7&#8243; zoom_width=\u00bb0&#8243; zoom_height=\u00bb0&#8243; width=\u00bb1\/4&#8243;][vc_icon icon=\u00bbfa fa-tools\u00bb icon_color=\u00bbaccent\u00bb size=\u00bbfa-3x\u00bb text_size=\u00bbh4&#8243; linked_title=\u00bbyes\u00bb text_lead=\u00bbsmall\u00bb text_reduced=\u00bbyes\u00bb align=\u00bbleft\u00bb title=\u00bbT\u00edtulo do benef\u00edcio\u00bb uncode_shortcode_id=\u00bb165696&#8243; icon_color_type=\u00bbuncode-palette\u00bb]Change the color to match your brand or vision, add your logo, choose the perfect layout, modify menu settings and more.[\/vc_icon][\/vc_column_inner][vc_column_inner column_width_percent=\u00bb100&#8243; align_horizontal=\u00bbalign_center\u00bb gutter_size=\u00bb3&#8243; overlay_alpha=\u00bb100&#8243; shift_x=\u00bb0&#8243; shift_y=\u00bb0&#8243; shift_y_down=\u00bb0&#8243; z_index=\u00bb0&#8243; medium_width=\u00bb3&#8243; mobile_width=\u00bb7&#8243; zoom_width=\u00bb0&#8243; zoom_height=\u00bb0&#8243; width=\u00bb1\/4&#8243;][vc_icon icon=\u00bbfa fa-video3&#8243; icon_color=\u00bbaccent\u00bb size=\u00bbfa-3x\u00bb text_size=\u00bbh4&#8243; linked_title=\u00bbyes\u00bb text_lead=\u00bbsmall\u00bb text_reduced=\u00bbyes\u00bb align=\u00bbleft\u00bb title=\u00bbT\u00edtulo do benef\u00edcio\u00bb uncode_shortcode_id=\u00bb150496&#8243; icon_color_type=\u00bbuncode-palette\u00bb]Change the color to match your brand or vision, add your logo, choose the perfect layout, modify menu settings and more.[\/vc_icon][\/vc_column_inner][vc_column_inner column_width_percent=\u00bb100&#8243; align_horizontal=\u00bbalign_center\u00bb gutter_size=\u00bb3&#8243; overlay_alpha=\u00bb50&#8243; shift_x=\u00bb0&#8243; shift_y=\u00bb0&#8243; shift_y_down=\u00bb0&#8243; z_index=\u00bb0&#8243; medium_visibility=\u00bbyes\u00bb medium_width=\u00bb3&#8243; mobile_width=\u00bb7&#8243; width=\u00bb1\/4&#8243;][vc_icon icon=\u00bbfa fa-layers2&#8243; icon_color=\u00bbaccent\u00bb size=\u00bbfa-3x\u00bb text_size=\u00bbh4&#8243; text_lead=\u00bbsmall\u00bb text_reduced=\u00bbyes\u00bb align=\u00bbleft\u00bb title=\u00bbT\u00edtulo do benef\u00edcio\u00bb uncode_shortcode_id=\u00bb156895&#8243; icon_color_type=\u00bbuncode-palette\u00bb]Change the color to match your brand or vision, add your logo, choose the perfect layout, modify menu settings and more.[\/vc_icon][\/vc_column_inner][vc_column_inner column_width_percent=\u00bb100&#8243; align_horizontal=\u00bbalign_center\u00bb gutter_size=\u00bb3&#8243; overlay_alpha=\u00bb100&#8243; shift_x=\u00bb0&#8243; shift_y=\u00bb0&#8243; shift_y_down=\u00bb0&#8243; z_index=\u00bb0&#8243; medium_width=\u00bb3&#8243; mobile_width=\u00bb7&#8243; zoom_width=\u00bb0&#8243; zoom_height=\u00bb0&#8243; width=\u00bb1\/4&#8243;][vc_icon icon=\u00bbfa fa-mobile2&#8243; icon_color=\u00bbaccent\u00bb size=\u00bbfa-3x\u00bb text_size=\u00bbh4&#8243; text_lead=\u00bbsmall\u00bb text_reduced=\u00bbyes\u00bb align=\u00bbleft\u00bb title=\u00bbT\u00edtulo do benef\u00edcios\u00bb uncode_shortcode_id=\u00bb142292&#8243; icon_color_type=\u00bbuncode-palette\u00bb]Change the color to match your brand or vision, add your logo, choose the perfect layout, modify menu settings and more.[\/vc_icon][\/vc_column_inner][\/vc_row_inner][\/vc_column][\/vc_row][vc_row row_height_percent=\u00bb0&#8243; override_padding=\u00bbyes\u00bb h_padding=\u00bb2&#8243; top_padding=\u00bb6&#8243; bottom_padding=\u00bb6&#8243; back_color=\u00bbcolor-jevc\u00bb overlay_alpha=\u00bb50&#8243; gutter_size=\u00bb3&#8243; column_width_percent=\u00bb100&#8243; shift_y=\u00bb0&#8243; z_index=\u00bb0&#8243; uncode_shortcode_id=\u00bb496245&#8243; back_color_type=\u00bbuncode-palette\u00bb][vc_column column_width_percent=\u00bb100&#8243; align_horizontal=\u00bbalign_center\u00bb gutter_size=\u00bb4&#8243; style=\u00bbdark\u00bb overlay_alpha=\u00bb50&#8243; shift_x=\u00bb0&#8243; shift_y=\u00bb0&#8243; shift_y_down=\u00bb0&#8243; z_index=\u00bb0&#8243; medium_width=\u00bb0&#8243; mobile_width=\u00bb0&#8243; width=\u00bb1\/1&#8243; uncode_shortcode_id=\u00bb631302&#8243;][vc_row_inner row_inner_height_percent=\u00bb0&#8243; overlay_alpha=\u00bb50&#8243; gutter_size=\u00bb3&#8243; shift_y=\u00bb0&#8243; z_index=\u00bb0&#8243;][vc_column_inner column_width_use_pixel=\u00bbyes\u00bb align_horizontal=\u00bbalign_center\u00bb gutter_size=\u00bb3&#8243; style=\u00bbdark\u00bb overlay_alpha=\u00bb50&#8243; shift_x=\u00bb0&#8243; shift_y=\u00bb0&#8243; shift_y_down=\u00bb0&#8243; z_index=\u00bb0&#8243; medium_width=\u00bb0&#8243; mobile_width=\u00bb0&#8243; width=\u00bb1\/1&#8243; uncode_shortcode_id=\u00bb196782&#8243; column_width_pixel=\u00bb900&#8243;][vc_custom_heading text_color=\u00bbaccent\u00bb heading_semantic=\u00bbh6&#8243; text_font=\u00bbfont-136269&#8243; text_size=\u00bbfontsize-160000&#8243; text_transform=\u00bbuppercase\u00bb text_space=\u00bbfontspace-135905&#8243; uncode_shortcode_id=\u00bb102138&#8243; text_color_type=\u00bbuncode-palette\u00bb]CANAL ARBITRAJE[\/vc_custom_heading][vc_custom_heading heading_semantic=\u00bbh3&#8243; text_size=\u00bbh1&#8243; uncode_shortcode_id=\u00bb207946&#8243;]Nuestro principal prop\u00f3sito es la democratizaci\u00f3n del conocimiento y la promoci\u00f3n del Arbitraje.[\/vc_custom_heading][vc_column_text text_color=\u00bbcolor-wvjs\u00bb uncode_shortcode_id=\u00bb464381&#8243; text_color_type=\u00bbuncode-palette\u00bb]Por eso, nuestro contenido est\u00e1 en l\u00ednea, es gratuito, completamente independiente y est\u00e1 disponible abiertamente.[\/vc_column_text][\/vc_column_inner][\/vc_row_inner][vc_button border_width=\u00bb0&#8243; uncode_shortcode_id=\u00bb645476&#8243; link=\u00bburl:%2F%3Ftripetto%3De2ae916951e258960c8e98b02c8d6d839a14ff0066dc62accb7a131076f12e3e|\u00bb]H\u00e1blanos[\/vc_button][\/vc_column][\/vc_row]<\/p>\n<\/div>","protected":false},"excerpt":{"rendered":"<p>[vc_row row_height_percent=\u00bb0&#8243; override_padding=\u00bbyes\u00bb h_padding=\u00bb2&#8243; top_padding=\u00bb6&#8243; bottom_padding=\u00bb2&#8243; back_color=\u00bbcolor-lxmt\u00bb overlay_alpha=\u00bb50&#8243; gutter_size=\u00bb3&#8243; column_width_percent=\u00bb100&#8243; shift_y=\u00bb0&#8243; z_index=\u00bb0&#8243; inverted_device_order=\u00bbyes\u00bb uncode_shortcode_id=\u00bb282675&#8243; back_color_type=\u00bbuncode-palette\u00bb][vc_column column_width_percent=\u00bb100&#8243; position_vertical=\u00bbmiddle\u00bb gutter_size=\u00bb4&#8243; style=\u00bblight\u00bb overlay_alpha=\u00bb50&#8243; [&hellip;]<\/p>\n","protected":false},"author":1,"featured_media":0,"parent":0,"menu_order":0,"comment_status":"closed","ping_status":"closed","template":"","meta":{"_seopress_robots_primary_cat":"","_seopress_titles_title":"","_seopress_titles_desc":"","_seopress_robots_index":"","footnotes":""},"class_list":["post-112976","page","type-page","status-publish","hentry"],"_links":{"self":[{"href":"https:\/\/canalarbitragem.com.br\/es\/wp-json\/wp\/v2\/pages\/112976","targetHints":{"allow":["GET"]}}],"collection":[{"href":"https:\/\/canalarbitragem.com.br\/es\/wp-json\/wp\/v2\/pages"}],"about":[{"href":"https:\/\/canalarbitragem.com.br\/es\/wp-json\/wp\/v2\/types\/page"}],"author":[{"embeddable":true,"href":"https:\/\/canalarbitragem.com.br\/es\/wp-json\/wp\/v2\/users\/1"}],"replies":[{"embeddable":true,"href":"https:\/\/canalarbitragem.com.br\/es\/wp-json\/wp\/v2\/comments?post=112976"}],"version-history":[{"count":0,"href":"https:\/\/canalarbitragem.com.br\/es\/wp-json\/wp\/v2\/pages\/112976\/revisions"}],"wp:attachment":[{"href":"https:\/\/canalarbitragem.com.br\/es\/wp-json\/wp\/v2\/media?parent=112976"}],"curies":[{"name":"wp","href":"https:\/\/api.w.org\/{rel}","templated":true}]}}