{"id":112973,"date":"2022-09-15T15:11:35","date_gmt":"2022-09-15T18:11:35","guid":{"rendered":"https:\/\/canalarbitragem.com.br\/aliados-academicos\/"},"modified":"2023-01-31T14:04:14","modified_gmt":"2023-01-31T17:04:14","slug":"aliados-academicos","status":"publish","type":"page","link":"https:\/\/canalarbitragem.com.br\/es\/aliados-academicos\/","title":{"rendered":"Aliados Acad\u00e9micos"},"content":{"rendered":"<div class=\"wpb-content-wrapper\"><p>[vc_row row_height_percent=\u00bb0&#8243; override_padding=\u00bbyes\u00bb h_padding=\u00bb2&#8243; top_padding=\u00bb5&#8243; bottom_padding=\u00bb2&#8243; back_color=\u00bbcolor-lxmt\u00bb overlay_alpha=\u00bb50&#8243; gutter_size=\u00bb3&#8243; column_width_percent=\u00bb100&#8243; shift_y=\u00bb0&#8243; z_index=\u00bb0&#8243; uncode_shortcode_id=\u00bb204793&#8243; back_color_type=\u00bbuncode-palette\u00bb][vc_column column_width_percent=\u00bb100&#8243; gutter_size=\u00bb4&#8243; style=\u00bblight\u00bb overlay_alpha=\u00bb50&#8243; shift_x=\u00bb0&#8243; shift_y=\u00bb0&#8243; shift_y_down=\u00bb0&#8243; z_index=\u00bb0&#8243; medium_width=\u00bb0&#8243; mobile_width=\u00bb0&#8243; width=\u00bb2\/3&#8243; uncode_shortcode_id=\u00bb992512&#8243;][vc_row_inner row_inner_height_percent=\u00bb0&#8243; overlay_alpha=\u00bb50&#8243; gutter_size=\u00bb3&#8243; shift_y=\u00bb0&#8243; z_index=\u00bb0&#8243;][vc_column_inner column_width_percent=\u00bb100&#8243; position_horizontal=\u00bbleft\u00bb gutter_size=\u00bb3&#8243; style=\u00bblight\u00bb overlay_alpha=\u00bb50&#8243; shift_x=\u00bb0&#8243; shift_y=\u00bb0&#8243; shift_y_down=\u00bb0&#8243; z_index=\u00bb0&#8243; medium_width=\u00bb0&#8243; mobile_width=\u00bb0&#8243; width=\u00bb1\/1&#8243; uncode_shortcode_id=\u00bb144413&#8243;][vc_custom_heading text_color=\u00bbaccent\u00bb heading_semantic=\u00bbh6&#8243; text_font=\u00bbfont-136269&#8243; text_size=\u00bbfontsize-160000&#8243; text_transform=\u00bbuppercase\u00bb text_space=\u00bbfontspace-135905&#8243; uncode_shortcode_id=\u00bb400317&#8243; text_color_type=\u00bbuncode-palette\u00bb]ALIADOS ACAD\u00c9MICOS[\/vc_custom_heading][vc_custom_heading heading_semantic=\u00bbh3&#8243; text_size=\u00bbfontsize-155944&#8243; uncode_shortcode_id=\u00bb135983&#8243;]Instituciones educativas de renombre vinculadas el Derecho[\/vc_custom_heading][vc_column_text uncode_shortcode_id=\u00bb871877&#8243;]Los Aliados Acad\u00e9micos de Canal Arbitraje son instituciones de ense\u00f1anza l\u00edderes en brasil y en el exterior que participan de la misi\u00f3n de compartir p\u00fablicamente contenidos que hasta entonces hab\u00edan sido m\u00e1s restringidos en t\u00e9rminos de difusi\u00f3n y alcance.<\/p>\n<p>[\/vc_column_text][\/vc_column_inner][\/vc_row_inner][\/vc_column][vc_column column_width_percent=\u00bb100&#8243; position_horizontal=\u00bbright\u00bb align_horizontal=\u00bbalign_right\u00bb gutter_size=\u00bb3&#8243; override_padding=\u00bbyes\u00bb column_padding=\u00bb0&#8243; overlay_alpha=\u00bb50&#8243; shift_x=\u00bb0&#8243; shift_y=\u00bb0&#8243; shift_y_down=\u00bb0&#8243; z_index=\u00bb0&#8243; medium_width=\u00bb0&#8243; mobile_width=\u00bb0&#8243; width=\u00bb1\/3&#8243; uncode_shortcode_id=\u00bb357442&#8243;][vc_icon position=\u00bbright\u00bb space_reduced=\u00bbyes\u00bb icon=\u00bbfa fa-close\u00bb size=\u00bbfa-2x\u00bb text_font=\u00bbfont-136269&#8243; text_size=\u00bbh4&#8243; text_weight=\u00bb300&#8243; uncode_shortcode_id=\u00bb574629&#8243; title=\u00bbCerrar\u00bb link=\u00bburl:javascript%3Ahistory.back%28%29|\u00bb][\/vc_icon][\/vc_column][\/vc_row][vc_row row_height_percent=\u00bb0&#8243; override_padding=\u00bbyes\u00bb h_padding=\u00bb2&#8243; top_padding=\u00bb2&#8243; bottom_padding=\u00bb5&#8243; back_color=\u00bbcolor-lxmt\u00bb overlay_alpha=\u00bb100&#8243; gutter_size=\u00bb100&#8243; column_width_percent=\u00bb100&#8243; shift_y=\u00bb0&#8243; z_index=\u00bb0&#8243; style=\u00bbinherited\u00bb uncode_shortcode_id=\u00bb117255&#8243; back_color_type=\u00bbuncode-palette\u00bb][vc_column column_width_percent=\u00bb100&#8243; gutter_size=\u00bb3&#8243; style=\u00bblight\u00bb overlay_alpha=\u00bb50&#8243; shift_x=\u00bb0&#8243; shift_y=\u00bb0&#8243; shift_y_down=\u00bb0&#8243; z_index=\u00bb0&#8243; medium_width=\u00bb0&#8243; mobile_width=\u00bb0&#8243; width=\u00bb1\/1&#8243; uncode_shortcode_id=\u00bb160432&#8243;][vc_row_inner row_inner_height_percent=\u00bb0&#8243; overlay_alpha=\u00bb50&#8243; gutter_size=\u00bb3&#8243; shift_y=\u00bb0&#8243; z_index=\u00bb0&#8243; uncode_shortcode_id=\u00bb176664&#8243;][vc_column_inner column_width_percent=\u00bb100&#8243; gutter_size=\u00bb3&#8243; style=\u00bblight\u00bb overlay_alpha=\u00bb50&#8243; shift_x=\u00bb0&#8243; shift_y=\u00bb0&#8243; shift_y_down=\u00bb0&#8243; z_index=\u00bb0&#8243; medium_width=\u00bb0&#8243; mobile_width=\u00bb0&#8243; width=\u00bb1\/1&#8243; uncode_shortcode_id=\u00bb159569&#8243;][vc_gallery el_id=\u00bbgallery-358213123klh\u00bb medias=\u00bb111238,111239,111240,111242,111244,111536,111537,111538&#8243; gutter_size=\u00bb2&#8243; media_items=\u00bb\u00bb screen_lg=\u00bb\u00bb screen_md=\u00bb\u00bb screen_sm=\u00bb\u00bb single_width=\u00bb3&#8243; single_overlay_opacity=\u00bb\u00bb single_image_anim=\u00bbno\u00bb single_padding=\u00bb\u00bb single_title_semantic=\u00bbh1&#8243; single_border=\u00bbyes\u00bb readonly_info1=\u00bb\u00bb uncode_shortcode_id=\u00bb158765&#8243;][\/vc_column_inner][\/vc_row_inner][\/vc_column][\/vc_row][vc_row row_height_percent=\u00bb0&#8243; override_padding=\u00bbyes\u00bb h_padding=\u00bb2&#8243; top_padding=\u00bb6&#8243; bottom_padding=\u00bb6&#8243; back_color=\u00bbcolor-jevc\u00bb overlay_alpha=\u00bb50&#8243; gutter_size=\u00bb3&#8243; column_width_percent=\u00bb100&#8243; shift_y=\u00bb0&#8243; z_index=\u00bb0&#8243; uncode_shortcode_id=\u00bb544220&#8243; back_color_type=\u00bbuncode-palette\u00bb][vc_column column_width_percent=\u00bb100&#8243; align_horizontal=\u00bbalign_center\u00bb gutter_size=\u00bb4&#8243; style=\u00bbdark\u00bb overlay_alpha=\u00bb50&#8243; shift_x=\u00bb0&#8243; shift_y=\u00bb0&#8243; shift_y_down=\u00bb0&#8243; z_index=\u00bb0&#8243; medium_width=\u00bb0&#8243; mobile_width=\u00bb0&#8243; width=\u00bb1\/1&#8243; uncode_shortcode_id=\u00bb631302&#8243;][vc_row_inner row_inner_height_percent=\u00bb0&#8243; overlay_alpha=\u00bb50&#8243; gutter_size=\u00bb3&#8243; shift_y=\u00bb0&#8243; z_index=\u00bb0&#8243;][vc_column_inner column_width_use_pixel=\u00bbyes\u00bb align_horizontal=\u00bbalign_center\u00bb gutter_size=\u00bb3&#8243; style=\u00bbdark\u00bb overlay_alpha=\u00bb50&#8243; shift_x=\u00bb0&#8243; shift_y=\u00bb0&#8243; shift_y_down=\u00bb0&#8243; z_index=\u00bb0&#8243; medium_width=\u00bb0&#8243; mobile_width=\u00bb0&#8243; width=\u00bb1\/1&#8243; uncode_shortcode_id=\u00bb196782&#8243; column_width_pixel=\u00bb900&#8243;][vc_custom_heading text_color=\u00bbaccent\u00bb heading_semantic=\u00bbh6&#8243; text_font=\u00bbfont-136269&#8243; text_size=\u00bbfontsize-160000&#8243; text_transform=\u00bbuppercase\u00bb text_space=\u00bbfontspace-135905&#8243; uncode_shortcode_id=\u00bb579543&#8243; text_color_type=\u00bbuncode-palette\u00bb]CANAL ARBITRAJE[\/vc_custom_heading][vc_custom_heading heading_semantic=\u00bbh3&#8243; text_size=\u00bbh1&#8243; uncode_shortcode_id=\u00bb168788&#8243;]Nuestro principal prop\u00f3sito es la democratizaci\u00f3n del conocimiento y la promoci\u00f3n del Arbitraje.[\/vc_custom_heading][vc_column_text text_color=\u00bbcolor-wvjs\u00bb uncode_shortcode_id=\u00bb656832&#8243; text_color_type=\u00bbuncode-palette\u00bb]Por eso, nuestro contenido est\u00e1 en l\u00ednea, es gratuito, completamente independiente y est\u00e1 disponible abiertamente.[\/vc_column_text][\/vc_column_inner][\/vc_row_inner][vc_button border_width=\u00bb0&#8243; uncode_shortcode_id=\u00bb131890&#8243; link=\u00bburl:%2F%3Ftripetto%3De2ae916951e258960c8e98b02c8d6d839a14ff0066dc62accb7a131076f12e3e|\u00bb]H\u00e1blanos[\/vc_button][\/vc_column][\/vc_row]<\/p>\n<\/div>","protected":false},"excerpt":{"rendered":"<p>[vc_row row_height_percent=\u00bb0&#8243; override_padding=\u00bbyes\u00bb h_padding=\u00bb2&#8243; top_padding=\u00bb5&#8243; bottom_padding=\u00bb2&#8243; back_color=\u00bbcolor-lxmt\u00bb overlay_alpha=\u00bb50&#8243; gutter_size=\u00bb3&#8243; column_width_percent=\u00bb100&#8243; shift_y=\u00bb0&#8243; z_index=\u00bb0&#8243; uncode_shortcode_id=\u00bb204793&#8243; back_color_type=\u00bbuncode-palette\u00bb][vc_column column_width_percent=\u00bb100&#8243; gutter_size=\u00bb4&#8243; style=\u00bblight\u00bb overlay_alpha=\u00bb50&#8243; shift_x=\u00bb0&#8243; shift_y=\u00bb0&#8243; [&hellip;]<\/p>\n","protected":false},"author":1,"featured_media":0,"parent":0,"menu_order":0,"comment_status":"closed","ping_status":"closed","template":"","meta":{"_seopress_robots_primary_cat":"","_seopress_titles_title":"","_seopress_titles_desc":"","_seopress_robots_index":"","footnotes":""},"class_list":["post-112973","page","type-page","status-publish","hentry"],"_links":{"self":[{"href":"https:\/\/canalarbitragem.com.br\/es\/wp-json\/wp\/v2\/pages\/112973","targetHints":{"allow":["GET"]}}],"collection":[{"href":"https:\/\/canalarbitragem.com.br\/es\/wp-json\/wp\/v2\/pages"}],"about":[{"href":"https:\/\/canalarbitragem.com.br\/es\/wp-json\/wp\/v2\/types\/page"}],"author":[{"embeddable":true,"href":"https:\/\/canalarbitragem.com.br\/es\/wp-json\/wp\/v2\/users\/1"}],"replies":[{"embeddable":true,"href":"https:\/\/canalarbitragem.com.br\/es\/wp-json\/wp\/v2\/comments?post=112973"}],"version-history":[{"count":0,"href":"https:\/\/canalarbitragem.com.br\/es\/wp-json\/wp\/v2\/pages\/112973\/revisions"}],"wp:attachment":[{"href":"https:\/\/canalarbitragem.com.br\/es\/wp-json\/wp\/v2\/media?parent=112973"}],"curies":[{"name":"wp","href":"https:\/\/api.w.org\/{rel}","templated":true}]}}