{"id":112937,"date":"2022-11-14T14:19:15","date_gmt":"2022-11-14T17:19:15","guid":{"rendered":"https:\/\/canalarbitragem.com.br\/stocche-forbes\/"},"modified":"2023-01-31T14:04:51","modified_gmt":"2023-01-31T17:04:51","slug":"stocche-forbes","status":"publish","type":"page","link":"https:\/\/canalarbitragem.com.br\/es\/stocche-forbes\/","title":{"rendered":"Stocche Forbes"},"content":{"rendered":"<div class=\"wpb-content-wrapper\"><p>[vc_row unlock_row_content=\u00bbyes\u00bb row_height_percent=\u00bb100&#8243; override_padding=\u00bbyes\u00bb h_padding=\u00bb0&#8243; top_padding=\u00bb0&#8243; bottom_padding=\u00bb0&#8243; back_color=\u00bbcolor-xsdn\u00bb overlay_alpha=\u00bb50&#8243; equal_height=\u00bbyes\u00bb gutter_size=\u00bb3&#8243; column_width_percent=\u00bb100&#8243; shift_y=\u00bb0&#8243; z_index=\u00bb0&#8243;][vc_column column_width_percent=\u00bb100&#8243; position_vertical=\u00bbmiddle\u00bb align_horizontal=\u00bbalign_center\u00bb gutter_size=\u00bb3&#8243; back_image=\u00bb110878&#8243; overlay_color=\u00bbaccent\u00bb overlay_alpha=\u00bb90&#8243; overlay_color_blend=\u00bbmultiply\u00bb shift_x=\u00bb0&#8243; shift_y=\u00bb0&#8243; shift_y_down=\u00bb0&#8243; z_index=\u00bb0&#8243; medium_width=\u00bb0&#8243; mobile_width=\u00bb0&#8243; width=\u00bb1\/2&#8243; uncode_shortcode_id=\u00bb114357&#8243; mobile_height=\u00bb450&#8243; overlay_color_type=\u00bbuncode-palette\u00bb][vc_single_image media=\u00bb111175&#8243; media_width_use_pixel=\u00bbyes\u00bb alignment=\u00bbcenter\u00bb uncode_shortcode_id=\u00bb163086&#8243; media_width_pixel=\u00bb300&#8243;][\/vc_column][vc_column column_width_use_pixel=\u00bbyes\u00bb position_vertical=\u00bbmiddle\u00bb gutter_size=\u00bb3&#8243; override_padding=\u00bbyes\u00bb column_padding=\u00bb3&#8243; style=\u00bblight\u00bb font_family=\u00bbfont-136269&#8243; overlay_alpha=\u00bb50&#8243; shift_x=\u00bb0&#8243; shift_y=\u00bb0&#8243; shift_y_down=\u00bb0&#8243; z_index=\u00bb0&#8243; medium_width=\u00bb0&#8243; mobile_width=\u00bb0&#8243; width=\u00bb1\/2&#8243; uncode_shortcode_id=\u00bb933304&#8243; column_width_pixel=\u00bb480&#8243;][vc_row_inner row_inner_height_percent=\u00bb0&#8243; overlay_alpha=\u00bb50&#8243; equal_height=\u00bbyes\u00bb gutter_size=\u00bb0&#8243; shift_y=\u00bb0&#8243;][vc_column_inner column_width_percent=\u00bb100&#8243; position_horizontal=\u00bbright\u00bb position_vertical=\u00bbmiddle\u00bb align_horizontal=\u00bbalign_right\u00bb gutter_size=\u00bb3&#8243; overlay_alpha=\u00bb50&#8243; shift_x=\u00bb0&#8243; shift_y=\u00bb0&#8243; shift_y_down=\u00bb0&#8243; z_index=\u00bb0&#8243; medium_width=\u00bb0&#8243; mobile_width=\u00bb0&#8243; width=\u00bb1\/1&#8243; uncode_shortcode_id=\u00bb156848&#8243;][vc_icon position=\u00bbright\u00bb space_reduced=\u00bbyes\u00bb icon=\u00bbfa fa-close\u00bb size=\u00bbfa-2x\u00bb text_font=\u00bbfont-136269&#8243; text_size=\u00bbh4&#8243; text_weight=\u00bb300&#8243; uncode_shortcode_id=\u00bb574629&#8243; title=\u00bbCerrar\u00bb link=\u00bburl:javascript%3Ahistory.back%28%29|\u00bb][\/vc_icon][\/vc_column_inner][\/vc_row_inner][vc_row_inner row_inner_height_percent=\u00bb0&#8243; overlay_alpha=\u00bb50&#8243; equal_height=\u00bbyes\u00bb gutter_size=\u00bb0&#8243; shift_y=\u00bb0&#8243;][vc_column_inner column_width_percent=\u00bb100&#8243; position_horizontal=\u00bbleft\u00bb position_vertical=\u00bbmiddle\u00bb gutter_size=\u00bb3&#8243; overlay_alpha=\u00bb50&#8243; shift_x=\u00bb0&#8243; shift_y=\u00bb0&#8243; shift_y_down=\u00bb0&#8243; z_index=\u00bb0&#8243; medium_width=\u00bb0&#8243; mobile_width=\u00bb0&#8243; width=\u00bb1\/1&#8243; uncode_shortcode_id=\u00bb154039&#8243;][vc_empty_space empty_h=\u00bb2&#8243; mobile_visibility=\u00bbyes\u00bb][vc_custom_heading heading_semantic=\u00bbh1&#8243; text_size=\u00bbfontsize-155944&#8243; text_align=\u00bbtext-left\u00bb uncode_shortcode_id=\u00bb682706&#8243;]Stocche Forbes[\/vc_custom_heading][vc_column_text uncode_shortcode_id=\u00bb873163&#8243;]Formada por un grupo de profesionales con amplia experiencia, Stocche Forbes atiende a empresas brasile\u00f1as y extranjeras que act\u00faan en todos los sectores econ\u00f3micos. Equipos estructurados para actuar en los procesos y transacciones m\u00e1s complejos y sofisticados, asesor\u00eda en todos los aspectos legales que impactan la conducci\u00f3n de los negocios. Con expertos en todas las \u00e1reas del derecho. Estructurado para asegurar la prestaci\u00f3n de servicios con participaci\u00f3n intensiva de los socios, y con equipos que re\u00fanen la combinaci\u00f3n ideal de personas y experiencias. Stocche forbes busca establecer una alianza estrat\u00e9gica de largo plazo, basada en la confianza de que actuar\u00e1n con eficiencia, calidad y \u00e9tica en la prestaci\u00f3n de servicios, y proactividad en la identificaci\u00f3n y conocimiento de temas relevantes. [\/vc_column_text][vc_empty_space empty_h=\u00bb2&#8243;][vc_icon display=\u00bbinline\u00bb icon=\u00bbfa fa-global\u00bb background_style=\u00bbfa-rounded\u00bb size=\u00bbfa-2x\u00bb link=\u00bburl:https%3A%2F%2Fstoccheforbes.com.br%2F|target:_blank|\u00bb uncode_shortcode_id=\u00bb747965&#8243;][\/vc_icon][vc_icon display=\u00bbinline\u00bb icon=\u00bbfa fa-linkedin\u00bb background_style=\u00bbfa-rounded\u00bb size=\u00bbfa-2x\u00bb link=\u00bburl:https%3A%2F%2Fwww.linkedin.com%2Fcompany%2Fstoccheforbes%2F|target:_blank|\u00bb uncode_shortcode_id=\u00bb137628&#8243;][\/vc_icon][\/vc_column_inner][\/vc_row_inner][vc_empty_space empty_h=\u00bb3&#8243; desktop_visibility=\u00bbyes\u00bb medium_visibility=\u00bbyes\u00bb][\/vc_column][\/vc_row]<\/p>\n<\/div>","protected":false},"excerpt":{"rendered":"<p>[vc_row unlock_row_content=\u00bbyes\u00bb row_height_percent=\u00bb100&#8243; override_padding=\u00bbyes\u00bb h_padding=\u00bb0&#8243; top_padding=\u00bb0&#8243; bottom_padding=\u00bb0&#8243; back_color=\u00bbcolor-xsdn\u00bb overlay_alpha=\u00bb50&#8243; equal_height=\u00bbyes\u00bb gutter_size=\u00bb3&#8243; column_width_percent=\u00bb100&#8243; shift_y=\u00bb0&#8243; z_index=\u00bb0&#8243;][vc_column column_width_percent=\u00bb100&#8243; position_vertical=\u00bbmiddle\u00bb align_horizontal=\u00bbalign_center\u00bb gutter_size=\u00bb3&#8243; back_image=\u00bb110878&#8243; overlay_color=\u00bbaccent\u00bb [&hellip;]<\/p>\n","protected":false},"author":1,"featured_media":0,"parent":0,"menu_order":0,"comment_status":"closed","ping_status":"closed","template":"","meta":{"_seopress_robots_primary_cat":"","_seopress_titles_title":"","_seopress_titles_desc":"","_seopress_robots_index":"","footnotes":""},"class_list":["post-112937","page","type-page","status-publish","hentry"],"_links":{"self":[{"href":"https:\/\/canalarbitragem.com.br\/es\/wp-json\/wp\/v2\/pages\/112937","targetHints":{"allow":["GET"]}}],"collection":[{"href":"https:\/\/canalarbitragem.com.br\/es\/wp-json\/wp\/v2\/pages"}],"about":[{"href":"https:\/\/canalarbitragem.com.br\/es\/wp-json\/wp\/v2\/types\/page"}],"author":[{"embeddable":true,"href":"https:\/\/canalarbitragem.com.br\/es\/wp-json\/wp\/v2\/users\/1"}],"replies":[{"embeddable":true,"href":"https:\/\/canalarbitragem.com.br\/es\/wp-json\/wp\/v2\/comments?post=112937"}],"version-history":[{"count":0,"href":"https:\/\/canalarbitragem.com.br\/es\/wp-json\/wp\/v2\/pages\/112937\/revisions"}],"wp:attachment":[{"href":"https:\/\/canalarbitragem.com.br\/es\/wp-json\/wp\/v2\/media?parent=112937"}],"curies":[{"name":"wp","href":"https:\/\/api.w.org\/{rel}","templated":true}]}}