{"id":112857,"date":"2022-08-01T19:25:29","date_gmt":"2022-08-01T22:25:29","guid":{"rendered":"https:\/\/canalarbitragem.com.br\/apoyadores\/"},"modified":"2024-05-06T10:01:29","modified_gmt":"2024-05-06T13:01:29","slug":"apoyadores","status":"publish","type":"page","link":"https:\/\/canalarbitragem.com.br\/es\/apoyadores\/","title":{"rendered":"Apoyadores"},"content":{"rendered":"<div class=\"wpb-content-wrapper\"><p>[vc_row row_height_percent=\u00bb0&#8243; override_padding=\u00bbyes\u00bb h_padding=\u00bb2&#8243; top_padding=\u00bb5&#8243; bottom_padding=\u00bb2&#8243; back_color=\u00bbcolor-lxmt\u00bb overlay_alpha=\u00bb50&#8243; gutter_size=\u00bb3&#8243; column_width_percent=\u00bb100&#8243; shift_y=\u00bb0&#8243; z_index=\u00bb0&#8243; uncode_shortcode_id=\u00bb652373&#8243; back_color_type=\u00bbuncode-palette\u00bb][vc_column column_width_percent=\u00bb100&#8243; gutter_size=\u00bb4&#8243; style=\u00bblight\u00bb overlay_alpha=\u00bb50&#8243; shift_x=\u00bb0&#8243; shift_y=\u00bb0&#8243; shift_y_down=\u00bb0&#8243; z_index=\u00bb0&#8243; medium_width=\u00bb0&#8243; mobile_width=\u00bb0&#8243; width=\u00bb2\/3&#8243; uncode_shortcode_id=\u00bb992512&#8243;][vc_row_inner row_inner_height_percent=\u00bb0&#8243; overlay_alpha=\u00bb50&#8243; gutter_size=\u00bb3&#8243; shift_y=\u00bb0&#8243; z_index=\u00bb0&#8243;][vc_column_inner column_width_percent=\u00bb100&#8243; position_horizontal=\u00bbleft\u00bb gutter_size=\u00bb3&#8243; style=\u00bblight\u00bb overlay_alpha=\u00bb50&#8243; shift_x=\u00bb0&#8243; shift_y=\u00bb0&#8243; shift_y_down=\u00bb0&#8243; z_index=\u00bb0&#8243; medium_width=\u00bb0&#8243; mobile_width=\u00bb0&#8243; width=\u00bb1\/1&#8243; uncode_shortcode_id=\u00bb144413&#8243;][vc_custom_heading text_color=\u00bbaccent\u00bb heading_semantic=\u00bbh6&#8243; text_font=\u00bbfont-136269&#8243; text_size=\u00bbfontsize-160000&#8243; text_transform=\u00bbuppercase\u00bb text_space=\u00bbfontspace-135905&#8243; uncode_shortcode_id=\u00bb208065&#8243; text_color_type=\u00bbuncode-palette\u00bb]APOYADORES[\/vc_custom_heading][vc_custom_heading heading_semantic=\u00bbh3&#8243; text_size=\u00bbfontsize-155944&#8243; uncode_shortcode_id=\u00bb122503&#8243;]Grandes despachos y empresas de Arbitraje aumentando la calidad y capilaridad del Canal Arbitraje[\/vc_custom_heading][vc_column_text uncode_shortcode_id=\u00bb173882&#8243;]Nuestros Patrocinadores son estudios de abogados y empresas vinculadas al sector del Arbitraje interesados en dar a conocer el \u00e1rea y las buenas pr\u00e1cticas profesionales, que, a trav\u00e9s de su apoyo, pretenden aumentar el conocimiento del Arbitraje y, en consecuencia, ampliar las actividades del sector y el inter\u00e9s de nuevos abogados. profesionales para la actividad.<\/p>\n<p>Es a trav\u00e9s del inter\u00e9s y compromiso de los Supporters que actuamos en los principales eventos de Arbitraje en el mundo, estando presentes in situ con los equipos de producci\u00f3n y creaci\u00f3n de los diversos formatos de contenido puestos a disposici\u00f3n por el canal.[\/vc_column_text][\/vc_column_inner][\/vc_row_inner][\/vc_column][vc_column column_width_percent=\u00bb100&#8243; position_horizontal=\u00bbright\u00bb align_horizontal=\u00bbalign_right\u00bb gutter_size=\u00bb3&#8243; override_padding=\u00bbyes\u00bb column_padding=\u00bb0&#8243; overlay_alpha=\u00bb50&#8243; shift_x=\u00bb0&#8243; shift_y=\u00bb0&#8243; shift_y_down=\u00bb0&#8243; z_index=\u00bb0&#8243; medium_width=\u00bb0&#8243; mobile_width=\u00bb0&#8243; width=\u00bb1\/3&#8243; uncode_shortcode_id=\u00bb599067&#8243;][vc_icon position=\u00bbright\u00bb space_reduced=\u00bbyes\u00bb icon=\u00bbfa fa-close\u00bb size=\u00bbfa-2x\u00bb text_font=\u00bbfont-136269&#8243; text_size=\u00bbh4&#8243; text_weight=\u00bb300&#8243; uncode_shortcode_id=\u00bb185296&#8243; title=\u00bbCerrar\u00bb link=\u00bburl:javascript%3Ahistory.back%28%29|\u00bb][\/vc_icon][\/vc_column][\/vc_row][vc_row row_height_percent=\u00bb0&#8243; override_padding=\u00bbyes\u00bb h_padding=\u00bb2&#8243; top_padding=\u00bb2&#8243; bottom_padding=\u00bb5&#8243; back_color=\u00bbcolor-lxmt\u00bb overlay_alpha=\u00bb100&#8243; gutter_size=\u00bb100&#8243; column_width_percent=\u00bb100&#8243; shift_y=\u00bb0&#8243; z_index=\u00bb0&#8243; style=\u00bbinherited\u00bb uncode_shortcode_id=\u00bb641797&#8243; back_color_type=\u00bbuncode-palette\u00bb][vc_column column_width_percent=\u00bb100&#8243; gutter_size=\u00bb3&#8243; style=\u00bblight\u00bb overlay_alpha=\u00bb50&#8243; shift_x=\u00bb0&#8243; shift_y=\u00bb0&#8243; shift_y_down=\u00bb0&#8243; z_index=\u00bb0&#8243; medium_width=\u00bb0&#8243; mobile_width=\u00bb0&#8243; width=\u00bb1\/1&#8243; uncode_shortcode_id=\u00bb160432&#8243;][vc_row_inner row_inner_height_percent=\u00bb0&#8243; overlay_alpha=\u00bb50&#8243; gutter_size=\u00bb3&#8243; shift_y=\u00bb0&#8243; z_index=\u00bb0&#8243; uncode_shortcode_id=\u00bb176664&#8243;][vc_column_inner column_width_percent=\u00bb100&#8243; gutter_size=\u00bb3&#8243; style=\u00bblight\u00bb overlay_alpha=\u00bb50&#8243; shift_x=\u00bb0&#8243; shift_y=\u00bb0&#8243; shift_y_down=\u00bb0&#8243; z_index=\u00bb0&#8243; medium_width=\u00bb0&#8243; mobile_width=\u00bb0&#8243; width=\u00bb1\/1&#8243; uncode_shortcode_id=\u00bb159569&#8243;][vc_gallery el_id=\u00bbgallery-85457mantenedores01&#8243; medias=\u00bb111112,111113,111114,111116,111118,111120,111121,111123,111124,111125,111126,111127,111526,111528,111529,111530,111928&#8243; gutter_size=\u00bb2&#8243; media_items=\u00bbmedia|nolink|original\u00bb screen_lg=\u00bb1000&#8243; screen_md=\u00bb600&#8243; screen_sm=\u00bb480&#8243; single_width=\u00bb15&#8243; single_overlay_opacity=\u00bb50&#8243; single_overlay_anim=\u00bbno\u00bb single_text_anim=\u00bbno\u00bb single_image_anim=\u00bbno\u00bb single_padding=\u00bb2&#8243; single_border=\u00bbyes\u00bb title=\u00bbClients\u00bb uncode_shortcode_id=\u00bb641171&#8243; items=\u00bbeyIxMTA3MjlfaSI6eyJzaW5nbGVfbGluayI6InVybDpodHRwczovL2NhbmFsYXJiaXRyYWdlbS5iYXJiYXNkaWdpdGFsLm5ldC9hbS8ifSwiMTEwNzMzX2kiOnsic2luZ2xlX2xpbmsiOiJ1cmw6L2JtYS1hZHZvZ2Fkb3MifSwiMTEwNzM2X2kiOnsic2luZ2xlX2xpbmsiOiJ1cmw6L2NhbWFyYS1kZS1jb25jaWxpYWNhby1tZWRpYWNhby1lLWFyYml0cmFnZW0tY2llc3AtZmllc3AifSwiMTEwNzM3X2kiOnsic2luZ2xlX2xpbmsiOiJ1cmw6L2NvcnJlaWEtZmxldXJ5LWdhbWEtZS1zaWx2YS1hZHZvZ2Fkb3MifSwiMTEwNzM1X2kiOnsic2luZ2xlX2xpbmsiOiJ1cmw6L2ZjZGcifX0=\u00bb][\/vc_column_inner][\/vc_row_inner][\/vc_column][\/vc_row][vc_row row_height_percent=\u00bb0&#8243; override_padding=\u00bbyes\u00bb h_padding=\u00bb2&#8243; top_padding=\u00bb6&#8243; bottom_padding=\u00bb6&#8243; back_color=\u00bbcolor-jevc\u00bb overlay_alpha=\u00bb50&#8243; gutter_size=\u00bb3&#8243; column_width_percent=\u00bb100&#8243; shift_y=\u00bb0&#8243; z_index=\u00bb0&#8243; uncode_shortcode_id=\u00bb544220&#8243; back_color_type=\u00bbuncode-palette\u00bb][vc_column column_width_percent=\u00bb100&#8243; align_horizontal=\u00bbalign_center\u00bb gutter_size=\u00bb4&#8243; style=\u00bbdark\u00bb overlay_alpha=\u00bb50&#8243; shift_x=\u00bb0&#8243; shift_y=\u00bb0&#8243; shift_y_down=\u00bb0&#8243; z_index=\u00bb0&#8243; medium_width=\u00bb0&#8243; mobile_width=\u00bb0&#8243; width=\u00bb1\/1&#8243; uncode_shortcode_id=\u00bb631302&#8243;][vc_row_inner row_inner_height_percent=\u00bb0&#8243; overlay_alpha=\u00bb50&#8243; gutter_size=\u00bb3&#8243; shift_y=\u00bb0&#8243; z_index=\u00bb0&#8243;][vc_column_inner column_width_use_pixel=\u00bbyes\u00bb align_horizontal=\u00bbalign_center\u00bb gutter_size=\u00bb3&#8243; style=\u00bbdark\u00bb overlay_alpha=\u00bb50&#8243; shift_x=\u00bb0&#8243; shift_y=\u00bb0&#8243; shift_y_down=\u00bb0&#8243; z_index=\u00bb0&#8243; medium_width=\u00bb0&#8243; mobile_width=\u00bb0&#8243; width=\u00bb1\/1&#8243; uncode_shortcode_id=\u00bb196782&#8243; column_width_pixel=\u00bb900&#8243;][vc_custom_heading text_color=\u00bbaccent\u00bb heading_semantic=\u00bbh6&#8243; text_font=\u00bbfont-136269&#8243; text_size=\u00bbfontsize-160000&#8243; text_transform=\u00bbuppercase\u00bb text_space=\u00bbfontspace-135905&#8243; uncode_shortcode_id=\u00bb136055&#8243; text_color_type=\u00bbuncode-palette\u00bb]CANAL ARBITRAJE[\/vc_custom_heading][vc_custom_heading heading_semantic=\u00bbh3&#8243; text_size=\u00bbh1&#8243; uncode_shortcode_id=\u00bb650778&#8243;]Nuestro principal prop\u00f3sito es la democratizaci\u00f3n del conocimiento y la promoci\u00f3n del Arbitraje.[\/vc_custom_heading][vc_column_text text_color=\u00bbcolor-wvjs\u00bb uncode_shortcode_id=\u00bb132458&#8243; text_color_type=\u00bbuncode-palette\u00bb]Por eso, nuestro contenido est\u00e1 en l\u00ednea, es gratuito, completamente independiente y est\u00e1 disponible abiertamente.[\/vc_column_text][\/vc_column_inner][\/vc_row_inner][vc_button border_width=\u00bb0&#8243; uncode_shortcode_id=\u00bb168598&#8243; link=\u00bburl:%2F%3Ftripetto%3De2ae916951e258960c8e98b02c8d6d839a14ff0066dc62accb7a131076f12e3e|\u00bb]H\u00e1blanos[\/vc_button][\/vc_column][\/vc_row]<\/p>\n<\/div>","protected":false},"excerpt":{"rendered":"<p>[vc_row row_height_percent=\u00bb0&#8243; override_padding=\u00bbyes\u00bb h_padding=\u00bb2&#8243; top_padding=\u00bb5&#8243; bottom_padding=\u00bb2&#8243; back_color=\u00bbcolor-lxmt\u00bb overlay_alpha=\u00bb50&#8243; gutter_size=\u00bb3&#8243; column_width_percent=\u00bb100&#8243; shift_y=\u00bb0&#8243; z_index=\u00bb0&#8243; uncode_shortcode_id=\u00bb652373&#8243; back_color_type=\u00bbuncode-palette\u00bb][vc_column column_width_percent=\u00bb100&#8243; gutter_size=\u00bb4&#8243; style=\u00bblight\u00bb overlay_alpha=\u00bb50&#8243; shift_x=\u00bb0&#8243; shift_y=\u00bb0&#8243; [&hellip;]<\/p>\n","protected":false},"author":1,"featured_media":0,"parent":0,"menu_order":0,"comment_status":"closed","ping_status":"closed","template":"","meta":{"_seopress_robots_primary_cat":"","_seopress_titles_title":"","_seopress_titles_desc":"","_seopress_robots_index":"","footnotes":""},"class_list":["post-112857","page","type-page","status-publish","hentry"],"_links":{"self":[{"href":"https:\/\/canalarbitragem.com.br\/es\/wp-json\/wp\/v2\/pages\/112857","targetHints":{"allow":["GET"]}}],"collection":[{"href":"https:\/\/canalarbitragem.com.br\/es\/wp-json\/wp\/v2\/pages"}],"about":[{"href":"https:\/\/canalarbitragem.com.br\/es\/wp-json\/wp\/v2\/types\/page"}],"author":[{"embeddable":true,"href":"https:\/\/canalarbitragem.com.br\/es\/wp-json\/wp\/v2\/users\/1"}],"replies":[{"embeddable":true,"href":"https:\/\/canalarbitragem.com.br\/es\/wp-json\/wp\/v2\/comments?post=112857"}],"version-history":[{"count":0,"href":"https:\/\/canalarbitragem.com.br\/es\/wp-json\/wp\/v2\/pages\/112857\/revisions"}],"wp:attachment":[{"href":"https:\/\/canalarbitragem.com.br\/es\/wp-json\/wp\/v2\/media?parent=112857"}],"curies":[{"name":"wp","href":"https:\/\/api.w.org\/{rel}","templated":true}]}}